{"id":330,"date":"2021-10-07T11:39:56","date_gmt":"2021-10-07T11:39:56","guid":{"rendered":"https:\/\/patisserietummers.nl\/?page_id=330"},"modified":"2023-06-07T08:28:18","modified_gmt":"2023-06-07T08:28:18","slug":"tijdperk-v","status":"publish","type":"page","link":"https:\/\/patisserietummers.nl\/webshop\/over-ons-2\/tijdperk-v\/","title":{"rendered":"Tijdperk V"},"content":{"rendered":"\n<h2 class=\"wp-block-heading\">Tijdperk V<\/h2>\n\n\n\n<p>Marijke en Vincent van den Bosch<\/p>\n\n\n\n<div class=\"wp-block-columns is-layout-flex wp-container-core-columns-is-layout-9d6595d7 wp-block-columns-is-layout-flex\">\n<div class=\"wp-block-column is-layout-flow wp-block-column-is-layout-flow\">\n<blockquote class=\"wp-block-quote is-style-large is-layout-flow wp-block-quote-is-layout-flow\">\n<p><\/p>\n<\/blockquote>\n\n\n\n<p><br><\/p>\n\n\n\n<blockquote class=\"wp-block-quote is-style-large is-layout-flow wp-block-quote-is-layout-flow\">\n<p>\u201cTummers wordt verfijnder\/ meer high-end.\u201d<\/p>\n<\/blockquote>\n\n\n\n<p>Daar waar het ene hoofdstuk wordt afgesloten, kan een nieuwe beginnen. En zo start in 2003 het vijfde tijdperk in de Tummers geschiedenis. Robert Stroet en Suzanne Beck zwaaiden in augustus 2003 af als eigenaren en dus ontstond er voor Marijke en Vincent van den Bosch een kans om hun geluk als ondernemende patissiers te gaan beproeven. De naam werd veranderd naar Tummers Patisserie Passionnelle, het assortiment werd verder verfijnd er werd een gezellige tearoom in de winkel gecre\u00eberd. Bezoekers konden hier lekker neerploffen en genieten van een ruim en verrassend aanbod aan heerlijke zoetigheden als gebakjes, bonbons en friandises. Het zoete assortiment werd gecompleteerd met diverse lekkere hartige versnaperingen, zoals tosti\u2019s en pasteitjes. Afhankelijk van het seizoen konden mensen hier ook genieten van dagelijks versgebakken appelbollen, ijsglaasjes, appelkroketten, tosca\u2019s en brownies. En natuurlijk met een goede kop thee of koffie ernaast. Met name de koffie wordt geprezen. Deze wordt namelijk bereid door echte professionele barista\u2019s. De koffie wordt gemaakt van de bekende Golden Coffee Box en gezet met behulp van de Mazzucco; de Rolls Royce onder de espressomachines.<\/p>\n<\/div>\n\n\n\n<div class=\"wp-block-column is-layout-flow wp-block-column-is-layout-flow\">\n<div style=\"height:54px\" aria-hidden=\"true\" class=\"wp-block-spacer\"><\/div>\n\n\n\n<figure class=\"wp-block-image size-full\"><img fetchpriority=\"high\" decoding=\"async\" width=\"529\" height=\"347\" src=\"https:\/\/patisserietummers.nl\/tummers\/page\/scan0301-1.jpeg\" alt=\"\" class=\"wp-image-339\"\/><\/figure>\n<\/div>\n<\/div>\n\n\n<div class=\"wp-block-image\">\n<figure class=\"aligncenter size-full\"><img decoding=\"async\" width=\"1000\" height=\"72\" src=\"https:\/\/patisserietummers.nl\/tummers\/page\/Tijdlijn_06-e1633694871811.png\" alt=\"\" class=\"wp-image-385\" srcset=\"https:\/\/patisserietummers.nl\/patisserie-tummers-heemstede\/page\/Tijdlijn_06-e1633694871811.png 1000w, https:\/\/patisserietummers.nl\/patisserie-tummers-heemstede\/page\/Tijdlijn_06-e1633694871811-768x55.png 768w\" sizes=\"(max-width: 1000px) 100vw, 1000px\" \/><\/figure><\/div>\n\n\n<blockquote class=\"wp-block-quote is-style-large is-layout-flow wp-block-quote-is-layout-flow\">\n<p>&#8220;Tummers valt in de prijzen.&#8221;<\/p>\n<\/blockquote>\n\n\n\n<p>E\u00e9n van de specialiteiten van het Tummers van Vincent en Marijke is chocolade. Zij krijgen het zelfs voor elkaar om \u00e9\u00e9n van de 15 exclusieve Valrhona-partners in Nederland te worden. Valrhona levert chocolade van de hoogste kwaliteit en dat levert de meest verrassende heerlijkheden van chocolade op. Ook is het team van Tummers dagelijks bezig om ook het assortiment van de winkel verder uit te breiden en te verfijnen. De gebakjes worden in de bakkerij achter de winkel bereid. Het team heeft veel kennis en ervaring in huis, waaronder Nederlands enige wereldkampioen banketbakken. En dat is lang niet alles, want in 2007 werd Tummers ook nog eens verkozen tot beste banketbakkerij van Noord-Holland. Daarnaast behaalden ze de bronzen medaille voor Nederlands Beste Banketbakkerij en in 2008 de zilveren medaille voor de Lekkerste Bonbon van Nederland!<\/p>\n\n\n\n<p>Na tal van mooie successen behaald te hebben met hun patisserie in Heemstede, besluiten Vincent en Marijke uiteindelijk nog een tweede ambachtelijke patisserie te openen, ditmaal in Hoofddorp. Begin 2019 komen ze tot de conclusie dat zij graag hun volledige aandacht op \u00e9\u00e9n winkel willen vestigen en na lang wikken en wegen besluiten zij voor hun patisserie in Hoofddorp te gaan. En zo geschied het; Patisserie Passionnelle Tummers wordt verkocht en Ritchie Soekhlal neemt het stokje over van het eigenaarsechtpaar.<\/p>\n\n\n\n<div class=\"wp-block-columns is-layout-flex wp-container-core-columns-is-layout-9d6595d7 wp-block-columns-is-layout-flex\">\n<div class=\"wp-block-column is-layout-flow wp-block-column-is-layout-flow\"><\/div>\n\n\n\n<div class=\"wp-block-column is-layout-flow wp-block-column-is-layout-flow\"><\/div>\n\n\n\n<div class=\"wp-block-column is-layout-flow wp-block-column-is-layout-flow\">\n<div class=\"wp-block-buttons is-content-justification-right is-layout-flex wp-container-core-buttons-is-layout-765c4724 wp-block-buttons-is-layout-flex\">\n<div class=\"wp-block-button is-style-outline is-style-outline--1\"><a class=\"wp-block-button__link has-black-color has-white-background-color has-text-color has-background wp-element-button\" href=\"https:\/\/patisserietummers.nl\/tummers-100-jaar\/tijdperk-vi\/\">Naar tijdperk VI<\/a><\/div>\n<\/div>\n<\/div>\n<\/div>\n","protected":false},"excerpt":{"rendered":"Tijdperk V Marijke en Vincent van den Bosch \u201cTummers wordt verfijnder\/ meer high-end.\u201d Daar waar het ene hoofdstuk wordt afgesloten, kan een nieuwe beginnen. En zo start in 2003 het vijfde tijdperk in de Tummers geschiedenis. Robert Stroet en Suzanne Beck zwaaiden in augustus 2003 af als eigenaren en dus ontstond er voor Marijke en [&hellip;]","protected":false},"author":3,"featured_media":0,"parent":244,"menu_order":50,"comment_status":"closed","ping_status":"closed","template":"","meta":{"_acf_changed":false,"footnotes":""},"class_list":["post-330","page","type-page","status-publish","hentry"],"acf":[],"yoast_head":"<!-- This site is optimized with the Yoast SEO plugin v25.1 - https:\/\/yoast.com\/wordpress\/plugins\/seo\/ -->\n<title>Tijdperk V - Patisserie Tummers | Heemstede<\/title>\n<meta name=\"robots\" content=\"index, follow, max-snippet:-1, max-image-preview:large, max-video-preview:-1\" \/>\n<link rel=\"canonical\" href=\"https:\/\/patisserietummers.nl\/webshop\/over-ons-2\/tijdperk-v\/\" \/>\n<meta property=\"og:locale\" content=\"nl_NL\" \/>\n<meta property=\"og:type\" content=\"article\" \/>\n<meta property=\"og:title\" content=\"Tijdperk V - Patisserie Tummers | Heemstede\" \/>\n<meta property=\"og:description\" content=\"Tijdperk V Marijke en Vincent van den Bosch \u201cTummers wordt verfijnder\/ meer high-end.\u201d Daar waar het ene hoofdstuk wordt afgesloten, kan een nieuwe beginnen. En zo start in 2003 het vijfde tijdperk in de Tummers geschiedenis. Robert Stroet en Suzanne Beck zwaaiden in augustus 2003 af als eigenaren en dus ontstond er voor Marijke en [&hellip;]\" \/>\n<meta property=\"og:url\" content=\"https:\/\/patisserietummers.nl\/webshop\/over-ons-2\/tijdperk-v\/\" \/>\n<meta property=\"og:site_name\" content=\"Patisserie Tummers | Heemstede\" \/>\n<meta property=\"article:publisher\" content=\"https:\/\/www.facebook.com\/tummerspassionelle\/\" \/>\n<meta property=\"article:modified_time\" content=\"2023-06-07T08:28:18+00:00\" \/>\n<meta property=\"og:image\" content=\"https:\/\/patisserietummers.nl\/tummers\/page\/scan0301-1.jpeg\" \/>\n<meta name=\"twitter:card\" content=\"summary_large_image\" \/>\n<meta name=\"twitter:label1\" content=\"Geschatte leestijd\" \/>\n\t<meta name=\"twitter:data1\" content=\"3 minuten\" \/>\n<script type=\"application\/ld+json\" class=\"yoast-schema-graph\">{\"@context\":\"https:\/\/schema.org\",\"@graph\":[{\"@type\":\"WebPage\",\"@id\":\"https:\/\/patisserietummers.nl\/webshop\/over-ons-2\/tijdperk-v\/\",\"url\":\"https:\/\/patisserietummers.nl\/webshop\/over-ons-2\/tijdperk-v\/\",\"name\":\"Tijdperk V - Patisserie Tummers | Heemstede\",\"isPartOf\":{\"@id\":\"https:\/\/patisserietummers.nl\/webshop\/#website\"},\"primaryImageOfPage\":{\"@id\":\"https:\/\/patisserietummers.nl\/webshop\/over-ons-2\/tijdperk-v\/#primaryimage\"},\"image\":{\"@id\":\"https:\/\/patisserietummers.nl\/webshop\/over-ons-2\/tijdperk-v\/#primaryimage\"},\"thumbnailUrl\":\"https:\/\/patisserietummers.nl\/tummers\/page\/scan0301-1.jpeg\",\"datePublished\":\"2021-10-07T11:39:56+00:00\",\"dateModified\":\"2023-06-07T08:28:18+00:00\",\"breadcrumb\":{\"@id\":\"https:\/\/patisserietummers.nl\/webshop\/over-ons-2\/tijdperk-v\/#breadcrumb\"},\"inLanguage\":\"nl-NL\",\"potentialAction\":[{\"@type\":\"ReadAction\",\"target\":[\"https:\/\/patisserietummers.nl\/webshop\/over-ons-2\/tijdperk-v\/\"]}]},{\"@type\":\"ImageObject\",\"inLanguage\":\"nl-NL\",\"@id\":\"https:\/\/patisserietummers.nl\/webshop\/over-ons-2\/tijdperk-v\/#primaryimage\",\"url\":\"https:\/\/patisserietummers.nl\/tummers\/page\/scan0301-1.jpeg\",\"contentUrl\":\"https:\/\/patisserietummers.nl\/tummers\/page\/scan0301-1.jpeg\"},{\"@type\":\"BreadcrumbList\",\"@id\":\"https:\/\/patisserietummers.nl\/webshop\/over-ons-2\/tijdperk-v\/#breadcrumb\",\"itemListElement\":[{\"@type\":\"ListItem\",\"position\":1,\"name\":\"Home\",\"item\":\"https:\/\/patisserietummers.nl\/webshop\/\"},{\"@type\":\"ListItem\",\"position\":2,\"name\":\"Over ons\",\"item\":\"https:\/\/patisserietummers.nl\/webshop\/over-ons-2\/\"},{\"@type\":\"ListItem\",\"position\":3,\"name\":\"Tijdperk V\"}]},{\"@type\":\"WebSite\",\"@id\":\"https:\/\/patisserietummers.nl\/webshop\/#website\",\"url\":\"https:\/\/patisserietummers.nl\/webshop\/\",\"name\":\"Patisserie Tummers | Heemstede\",\"description\":\"Gebak &amp; Taart in heel Noord-Holland\",\"potentialAction\":[{\"@type\":\"SearchAction\",\"target\":{\"@type\":\"EntryPoint\",\"urlTemplate\":\"https:\/\/patisserietummers.nl\/webshop\/?s={search_term_string}\"},\"query-input\":{\"@type\":\"PropertyValueSpecification\",\"valueRequired\":true,\"valueName\":\"search_term_string\"}}],\"inLanguage\":\"nl-NL\"}]}<\/script>\n<!-- \/ Yoast SEO plugin. -->","yoast_head_json":{"title":"Tijdperk V - Patisserie Tummers | Heemstede","robots":{"index":"index","follow":"follow","max-snippet":"max-snippet:-1","max-image-preview":"max-image-preview:large","max-video-preview":"max-video-preview:-1"},"canonical":"https:\/\/patisserietummers.nl\/webshop\/over-ons-2\/tijdperk-v\/","og_locale":"nl_NL","og_type":"article","og_title":"Tijdperk V - Patisserie Tummers | Heemstede","og_description":"Tijdperk V Marijke en Vincent van den Bosch \u201cTummers wordt verfijnder\/ meer high-end.\u201d Daar waar het ene hoofdstuk wordt afgesloten, kan een nieuwe beginnen. En zo start in 2003 het vijfde tijdperk in de Tummers geschiedenis. Robert Stroet en Suzanne Beck zwaaiden in augustus 2003 af als eigenaren en dus ontstond er voor Marijke en [&hellip;]","og_url":"https:\/\/patisserietummers.nl\/webshop\/over-ons-2\/tijdperk-v\/","og_site_name":"Patisserie Tummers | Heemstede","article_publisher":"https:\/\/www.facebook.com\/tummerspassionelle\/","article_modified_time":"2023-06-07T08:28:18+00:00","og_image":[{"url":"https:\/\/patisserietummers.nl\/tummers\/page\/scan0301-1.jpeg","type":"","width":"","height":""}],"twitter_card":"summary_large_image","twitter_misc":{"Geschatte leestijd":"3 minuten"},"schema":{"@context":"https:\/\/schema.org","@graph":[{"@type":"WebPage","@id":"https:\/\/patisserietummers.nl\/webshop\/over-ons-2\/tijdperk-v\/","url":"https:\/\/patisserietummers.nl\/webshop\/over-ons-2\/tijdperk-v\/","name":"Tijdperk V - Patisserie Tummers | Heemstede","isPartOf":{"@id":"https:\/\/patisserietummers.nl\/webshop\/#website"},"primaryImageOfPage":{"@id":"https:\/\/patisserietummers.nl\/webshop\/over-ons-2\/tijdperk-v\/#primaryimage"},"image":{"@id":"https:\/\/patisserietummers.nl\/webshop\/over-ons-2\/tijdperk-v\/#primaryimage"},"thumbnailUrl":"https:\/\/patisserietummers.nl\/tummers\/page\/scan0301-1.jpeg","datePublished":"2021-10-07T11:39:56+00:00","dateModified":"2023-06-07T08:28:18+00:00","breadcrumb":{"@id":"https:\/\/patisserietummers.nl\/webshop\/over-ons-2\/tijdperk-v\/#breadcrumb"},"inLanguage":"nl-NL","potentialAction":[{"@type":"ReadAction","target":["https:\/\/patisserietummers.nl\/webshop\/over-ons-2\/tijdperk-v\/"]}]},{"@type":"ImageObject","inLanguage":"nl-NL","@id":"https:\/\/patisserietummers.nl\/webshop\/over-ons-2\/tijdperk-v\/#primaryimage","url":"https:\/\/patisserietummers.nl\/tummers\/page\/scan0301-1.jpeg","contentUrl":"https:\/\/patisserietummers.nl\/tummers\/page\/scan0301-1.jpeg"},{"@type":"BreadcrumbList","@id":"https:\/\/patisserietummers.nl\/webshop\/over-ons-2\/tijdperk-v\/#breadcrumb","itemListElement":[{"@type":"ListItem","position":1,"name":"Home","item":"https:\/\/patisserietummers.nl\/webshop\/"},{"@type":"ListItem","position":2,"name":"Over ons","item":"https:\/\/patisserietummers.nl\/webshop\/over-ons-2\/"},{"@type":"ListItem","position":3,"name":"Tijdperk V"}]},{"@type":"WebSite","@id":"https:\/\/patisserietummers.nl\/webshop\/#website","url":"https:\/\/patisserietummers.nl\/webshop\/","name":"Patisserie Tummers | Heemstede","description":"Gebak &amp; Taart in heel Noord-Holland","potentialAction":[{"@type":"SearchAction","target":{"@type":"EntryPoint","urlTemplate":"https:\/\/patisserietummers.nl\/webshop\/?s={search_term_string}"},"query-input":{"@type":"PropertyValueSpecification","valueRequired":true,"valueName":"search_term_string"}}],"inLanguage":"nl-NL"}]}},"_links":{"self":[{"href":"https:\/\/patisserietummers.nl\/webshop\/wp-json\/wp\/v2\/pages\/330","targetHints":{"allow":["GET"]}}],"collection":[{"href":"https:\/\/patisserietummers.nl\/webshop\/wp-json\/wp\/v2\/pages"}],"about":[{"href":"https:\/\/patisserietummers.nl\/webshop\/wp-json\/wp\/v2\/types\/page"}],"author":[{"embeddable":true,"href":"https:\/\/patisserietummers.nl\/webshop\/wp-json\/wp\/v2\/users\/3"}],"replies":[{"embeddable":true,"href":"https:\/\/patisserietummers.nl\/webshop\/wp-json\/wp\/v2\/comments?post=330"}],"version-history":[{"count":22,"href":"https:\/\/patisserietummers.nl\/webshop\/wp-json\/wp\/v2\/pages\/330\/revisions"}],"predecessor-version":[{"id":1842,"href":"https:\/\/patisserietummers.nl\/webshop\/wp-json\/wp\/v2\/pages\/330\/revisions\/1842"}],"up":[{"embeddable":true,"href":"https:\/\/patisserietummers.nl\/webshop\/wp-json\/wp\/v2\/pages\/244"}],"wp:attachment":[{"href":"https:\/\/patisserietummers.nl\/webshop\/wp-json\/wp\/v2\/media?parent=330"}],"curies":[{"name":"wp","href":"https:\/\/api.w.org\/{rel}","templated":true}]}}