{"id":2603,"date":"2025-01-02T12:37:31","date_gmt":"2025-01-02T12:37:31","guid":{"rendered":"https:\/\/patisserietummers.nl\/?page_id=2603"},"modified":"2025-01-02T12:44:49","modified_gmt":"2025-01-02T12:44:49","slug":"driekoningen","status":"publish","type":"page","link":"https:\/\/patisserietummers.nl\/webshop\/driekoningen\/","title":{"rendered":"Driekoningen"},"content":{"rendered":"\n<div style=\"height:80px\" aria-hidden=\"true\" class=\"wp-block-spacer\"><\/div>\n\n\n\n<div class=\"wp-block-columns is-layout-flex wp-container-core-columns-is-layout-9d6595d7 wp-block-columns-is-layout-flex\">\n<div class=\"wp-block-column is-layout-flow wp-block-column-is-layout-flow\" style=\"flex-basis:100%\">\n<div class=\"wp-block-columns is-layout-flex wp-container-core-columns-is-layout-9d6595d7 wp-block-columns-is-layout-flex\">\n<div class=\"wp-block-column is-layout-flow wp-block-column-is-layout-flow\" style=\"flex-basis:400px\">\n<figure class=\"wp-block-gallery has-nested-images columns-default is-cropped wp-block-gallery-1 is-layout-flex wp-block-gallery-is-layout-flex\">\n<figure class=\"wp-block-image size-full is-style-default\"><img fetchpriority=\"high\" decoding=\"async\" width=\"1080\" height=\"1080\" data-id=\"2594\" src=\"https:\/\/patisserietummers.nl\/patisserie-tummers-heemstede\/2025\/01\/241218-Post_driekoningen_03-edited.png\" alt=\"\" class=\"wp-image-2594\" srcset=\"https:\/\/patisserietummers.nl\/patisserie-tummers-heemstede\/2025\/01\/241218-Post_driekoningen_03-edited.png 1080w, https:\/\/patisserietummers.nl\/patisserie-tummers-heemstede\/2025\/01\/241218-Post_driekoningen_03-edited-150x150.png 150w, https:\/\/patisserietummers.nl\/patisserie-tummers-heemstede\/2025\/01\/241218-Post_driekoningen_03-edited-768x768.png 768w\" sizes=\"(max-width: 1080px) 100vw, 1080px\" \/><\/figure>\n<\/figure>\n\n\n\n<h2 class=\"wp-block-heading\"><\/h2>\n<\/div>\n\n\n\n<div class=\"wp-block-column is-layout-flow wp-block-column-is-layout-flow\" style=\"flex-basis:130px\"><\/div>\n\n\n\n<div class=\"wp-block-column is-vertically-aligned-center is-layout-flow wp-block-column-is-layout-flow\" style=\"flex-basis:500px\">\n<h1 class=\"wp-block-heading alignwide\">Koninklijk genieten!<\/h1>\n\n\n\n<div style=\"height:40px\" aria-hidden=\"true\" class=\"wp-block-spacer\"><\/div>\n\n\n\n<p>Alsof de boon en de kroon nog niet genoeg zijn, voegen we daar graag nog een extra verrassing aan toe. En wat voor eentje: koop een Driekoningentaart en maak kans op een set oorbellen van <strong>Jewels by Marthje ter waarde van maar liefst \u20ac 500!<\/strong><\/p>\n<\/div>\n<\/div>\n<\/div>\n<\/div>\n\n\n\n<p>Wilt u kans maken?<strong> <\/strong>Trakteer uzelf dan op een heerlijke <a href=\"https:\/\/patisserietummers.nl\/webshop\/?page=\/assortiment\/drie-koningen\/driekoningentaart\">Driekoningentaart <\/a>en wie weet bevat uw taart wel een sticker met de blijde boodschap. Elke dag kronen we \u00e9\u00e9n winnaar. <strong>Aan het einde van de week loten we daaruit \u00e9\u00e9n hoofdwinnaar, die naar huis mag gaan met een unieke set oorbellen! Waagt u uw kans?<\/strong><\/p>\n\n\n\n<p><br>Volgens traditie snijden we op de 12e dag na Kerstmis de taart aan, verdeeld in evenveel stukken als er mensen rond de tafel zitten. Bent u de gelukkige die het porseleinen beeldje in zijn stuk vindt? Dan krijgt u de Tummers-kroon en wordt u prompt koning of koningin voor \u00e9\u00e9n dag!<\/p>\n\n\n\n<p><br><em>Looptijd actie: 3 januari t\/m 17 januari<\/em><\/p>\n","protected":false},"excerpt":{"rendered":"Koninklijk genieten! Alsof de boon en de kroon nog niet genoeg zijn, voegen we daar graag nog een extra verrassing aan toe. En wat voor eentje: koop een Driekoningentaart en maak kans op een set oorbellen van Jewels by Marthje ter waarde van maar liefst \u20ac 500! Wilt u kans maken? Trakteer uzelf dan op [&hellip;]","protected":false},"author":3,"featured_media":0,"parent":0,"menu_order":0,"comment_status":"closed","ping_status":"closed","template":"","meta":{"_acf_changed":false,"footnotes":""},"class_list":["post-2603","page","type-page","status-publish","hentry"],"acf":[],"yoast_head":"<!-- This site is optimized with the Yoast SEO plugin v25.1 - https:\/\/yoast.com\/wordpress\/plugins\/seo\/ -->\n<title>Driekoningen - Patisserie Tummers | Heemstede<\/title>\n<meta name=\"robots\" content=\"index, follow, max-snippet:-1, max-image-preview:large, max-video-preview:-1\" \/>\n<link rel=\"canonical\" href=\"https:\/\/patisserietummers.nl\/webshop\/driekoningen\/\" \/>\n<meta property=\"og:locale\" content=\"nl_NL\" \/>\n<meta property=\"og:type\" content=\"article\" \/>\n<meta property=\"og:title\" content=\"Driekoningen - Patisserie Tummers | Heemstede\" \/>\n<meta property=\"og:description\" content=\"Koninklijk genieten! Alsof de boon en de kroon nog niet genoeg zijn, voegen we daar graag nog een extra verrassing aan toe. En wat voor eentje: koop een Driekoningentaart en maak kans op een set oorbellen van Jewels by Marthje ter waarde van maar liefst \u20ac 500! Wilt u kans maken? Trakteer uzelf dan op [&hellip;]\" \/>\n<meta property=\"og:url\" content=\"https:\/\/patisserietummers.nl\/webshop\/driekoningen\/\" \/>\n<meta property=\"og:site_name\" content=\"Patisserie Tummers | Heemstede\" \/>\n<meta property=\"article:publisher\" content=\"https:\/\/www.facebook.com\/tummerspassionelle\/\" \/>\n<meta property=\"article:modified_time\" content=\"2025-01-02T12:44:49+00:00\" \/>\n<meta property=\"og:image\" content=\"https:\/\/patisserietummers.nl\/patisserie-tummers-heemstede\/2025\/01\/241218-Post_driekoningen_03-edited.png\" \/>\n<meta name=\"twitter:card\" content=\"summary_large_image\" \/>\n<meta name=\"twitter:label1\" content=\"Geschatte leestijd\" \/>\n\t<meta name=\"twitter:data1\" content=\"1 minuut\" \/>\n<script type=\"application\/ld+json\" class=\"yoast-schema-graph\">{\"@context\":\"https:\/\/schema.org\",\"@graph\":[{\"@type\":\"WebPage\",\"@id\":\"https:\/\/patisserietummers.nl\/webshop\/driekoningen\/\",\"url\":\"https:\/\/patisserietummers.nl\/webshop\/driekoningen\/\",\"name\":\"Driekoningen - Patisserie Tummers | Heemstede\",\"isPartOf\":{\"@id\":\"https:\/\/patisserietummers.nl\/webshop\/#website\"},\"primaryImageOfPage\":{\"@id\":\"https:\/\/patisserietummers.nl\/webshop\/driekoningen\/#primaryimage\"},\"image\":{\"@id\":\"https:\/\/patisserietummers.nl\/webshop\/driekoningen\/#primaryimage\"},\"thumbnailUrl\":\"https:\/\/patisserietummers.nl\/patisserie-tummers-heemstede\/2025\/01\/241218-Post_driekoningen_03-edited.png\",\"datePublished\":\"2025-01-02T12:37:31+00:00\",\"dateModified\":\"2025-01-02T12:44:49+00:00\",\"breadcrumb\":{\"@id\":\"https:\/\/patisserietummers.nl\/webshop\/driekoningen\/#breadcrumb\"},\"inLanguage\":\"nl-NL\",\"potentialAction\":[{\"@type\":\"ReadAction\",\"target\":[\"https:\/\/patisserietummers.nl\/webshop\/driekoningen\/\"]}]},{\"@type\":\"ImageObject\",\"inLanguage\":\"nl-NL\",\"@id\":\"https:\/\/patisserietummers.nl\/webshop\/driekoningen\/#primaryimage\",\"url\":\"https:\/\/patisserietummers.nl\/patisserie-tummers-heemstede\/2025\/01\/241218-Post_driekoningen_03-edited.png\",\"contentUrl\":\"https:\/\/patisserietummers.nl\/patisserie-tummers-heemstede\/2025\/01\/241218-Post_driekoningen_03-edited.png\"},{\"@type\":\"BreadcrumbList\",\"@id\":\"https:\/\/patisserietummers.nl\/webshop\/driekoningen\/#breadcrumb\",\"itemListElement\":[{\"@type\":\"ListItem\",\"position\":1,\"name\":\"Home\",\"item\":\"https:\/\/patisserietummers.nl\/webshop\/\"},{\"@type\":\"ListItem\",\"position\":2,\"name\":\"Driekoningen\"}]},{\"@type\":\"WebSite\",\"@id\":\"https:\/\/patisserietummers.nl\/webshop\/#website\",\"url\":\"https:\/\/patisserietummers.nl\/webshop\/\",\"name\":\"Patisserie Tummers | Heemstede\",\"description\":\"Gebak &amp; Taart in heel Noord-Holland\",\"potentialAction\":[{\"@type\":\"SearchAction\",\"target\":{\"@type\":\"EntryPoint\",\"urlTemplate\":\"https:\/\/patisserietummers.nl\/webshop\/?s={search_term_string}\"},\"query-input\":{\"@type\":\"PropertyValueSpecification\",\"valueRequired\":true,\"valueName\":\"search_term_string\"}}],\"inLanguage\":\"nl-NL\"}]}<\/script>\n<!-- \/ Yoast SEO plugin. -->","yoast_head_json":{"title":"Driekoningen - Patisserie Tummers | Heemstede","robots":{"index":"index","follow":"follow","max-snippet":"max-snippet:-1","max-image-preview":"max-image-preview:large","max-video-preview":"max-video-preview:-1"},"canonical":"https:\/\/patisserietummers.nl\/webshop\/driekoningen\/","og_locale":"nl_NL","og_type":"article","og_title":"Driekoningen - Patisserie Tummers | Heemstede","og_description":"Koninklijk genieten! Alsof de boon en de kroon nog niet genoeg zijn, voegen we daar graag nog een extra verrassing aan toe. En wat voor eentje: koop een Driekoningentaart en maak kans op een set oorbellen van Jewels by Marthje ter waarde van maar liefst \u20ac 500! Wilt u kans maken? Trakteer uzelf dan op [&hellip;]","og_url":"https:\/\/patisserietummers.nl\/webshop\/driekoningen\/","og_site_name":"Patisserie Tummers | Heemstede","article_publisher":"https:\/\/www.facebook.com\/tummerspassionelle\/","article_modified_time":"2025-01-02T12:44:49+00:00","og_image":[{"url":"https:\/\/patisserietummers.nl\/patisserie-tummers-heemstede\/2025\/01\/241218-Post_driekoningen_03-edited.png","type":"","width":"","height":""}],"twitter_card":"summary_large_image","twitter_misc":{"Geschatte leestijd":"1 minuut"},"schema":{"@context":"https:\/\/schema.org","@graph":[{"@type":"WebPage","@id":"https:\/\/patisserietummers.nl\/webshop\/driekoningen\/","url":"https:\/\/patisserietummers.nl\/webshop\/driekoningen\/","name":"Driekoningen - Patisserie Tummers | Heemstede","isPartOf":{"@id":"https:\/\/patisserietummers.nl\/webshop\/#website"},"primaryImageOfPage":{"@id":"https:\/\/patisserietummers.nl\/webshop\/driekoningen\/#primaryimage"},"image":{"@id":"https:\/\/patisserietummers.nl\/webshop\/driekoningen\/#primaryimage"},"thumbnailUrl":"https:\/\/patisserietummers.nl\/patisserie-tummers-heemstede\/2025\/01\/241218-Post_driekoningen_03-edited.png","datePublished":"2025-01-02T12:37:31+00:00","dateModified":"2025-01-02T12:44:49+00:00","breadcrumb":{"@id":"https:\/\/patisserietummers.nl\/webshop\/driekoningen\/#breadcrumb"},"inLanguage":"nl-NL","potentialAction":[{"@type":"ReadAction","target":["https:\/\/patisserietummers.nl\/webshop\/driekoningen\/"]}]},{"@type":"ImageObject","inLanguage":"nl-NL","@id":"https:\/\/patisserietummers.nl\/webshop\/driekoningen\/#primaryimage","url":"https:\/\/patisserietummers.nl\/patisserie-tummers-heemstede\/2025\/01\/241218-Post_driekoningen_03-edited.png","contentUrl":"https:\/\/patisserietummers.nl\/patisserie-tummers-heemstede\/2025\/01\/241218-Post_driekoningen_03-edited.png"},{"@type":"BreadcrumbList","@id":"https:\/\/patisserietummers.nl\/webshop\/driekoningen\/#breadcrumb","itemListElement":[{"@type":"ListItem","position":1,"name":"Home","item":"https:\/\/patisserietummers.nl\/webshop\/"},{"@type":"ListItem","position":2,"name":"Driekoningen"}]},{"@type":"WebSite","@id":"https:\/\/patisserietummers.nl\/webshop\/#website","url":"https:\/\/patisserietummers.nl\/webshop\/","name":"Patisserie Tummers | Heemstede","description":"Gebak &amp; Taart in heel Noord-Holland","potentialAction":[{"@type":"SearchAction","target":{"@type":"EntryPoint","urlTemplate":"https:\/\/patisserietummers.nl\/webshop\/?s={search_term_string}"},"query-input":{"@type":"PropertyValueSpecification","valueRequired":true,"valueName":"search_term_string"}}],"inLanguage":"nl-NL"}]}},"_links":{"self":[{"href":"https:\/\/patisserietummers.nl\/webshop\/wp-json\/wp\/v2\/pages\/2603","targetHints":{"allow":["GET"]}}],"collection":[{"href":"https:\/\/patisserietummers.nl\/webshop\/wp-json\/wp\/v2\/pages"}],"about":[{"href":"https:\/\/patisserietummers.nl\/webshop\/wp-json\/wp\/v2\/types\/page"}],"author":[{"embeddable":true,"href":"https:\/\/patisserietummers.nl\/webshop\/wp-json\/wp\/v2\/users\/3"}],"replies":[{"embeddable":true,"href":"https:\/\/patisserietummers.nl\/webshop\/wp-json\/wp\/v2\/comments?post=2603"}],"version-history":[{"count":3,"href":"https:\/\/patisserietummers.nl\/webshop\/wp-json\/wp\/v2\/pages\/2603\/revisions"}],"predecessor-version":[{"id":2606,"href":"https:\/\/patisserietummers.nl\/webshop\/wp-json\/wp\/v2\/pages\/2603\/revisions\/2606"}],"wp:attachment":[{"href":"https:\/\/patisserietummers.nl\/webshop\/wp-json\/wp\/v2\/media?parent=2603"}],"curies":[{"name":"wp","href":"https:\/\/api.w.org\/{rel}","templated":true}]}}